{"id":6157,"date":"2024-06-26T16:21:37","date_gmt":"2024-06-26T14:21:37","guid":{"rendered":"https:\/\/apaiser.org\/newsite\/?page_id=6157"},"modified":"2026-02-03T18:03:27","modified_gmt":"2026-02-03T17:03:27","slug":"sante-psychologique","status":"publish","type":"page","link":"https:\/\/apaiser.org\/newsite\/sante-psychologique\/","title":{"rendered":"Sant\u00e9 psychologique"},"content":{"rendered":"\t\t<div data-elementor-type=\"wp-page\" data-elementor-id=\"6157\" class=\"elementor elementor-6157\" data-elementor-post-type=\"page\">\n\t\t\t\t<div class=\"elementor-element elementor-element-637c06cf e-flex e-con-boxed e-con e-parent\" data-id=\"637c06cf\" data-element_type=\"container\" data-e-type=\"container\" data-settings=\"{&quot;background_background&quot;:&quot;classic&quot;}\">\n\t\t\t\t\t<div class=\"e-con-inner\">\n\t\t<div class=\"elementor-element elementor-element-18ead35d e-con-full e-flex e-con e-child\" data-id=\"18ead35d\" data-element_type=\"container\" data-e-type=\"container\">\n\t\t\t\t<div class=\"elementor-element elementor-element-8787b56 elementor-widget elementor-widget-heading\" data-id=\"8787b56\" data-element_type=\"widget\" data-e-type=\"widget\" data-widget_type=\"heading.default\">\n\t\t\t\t\t<h2 class=\"elementor-heading-title elementor-size-default\">Vivre avec<\/h2>\t\t\t\t<\/div>\n\t\t\t\t<div class=\"elementor-element elementor-element-40bb74ec elementor-widget elementor-widget-spacer\" data-id=\"40bb74ec\" data-element_type=\"widget\" data-e-type=\"widget\" data-widget_type=\"spacer.default\">\n\t\t\t\t\t\t\t<div class=\"elementor-spacer\">\n\t\t\t<div class=\"elementor-spacer-inner\"><\/div>\n\t\t<\/div>\n\t\t\t\t\t\t<\/div>\n\t\t\t\t<\/div>\n\t\t<div class=\"elementor-element elementor-element-52d83444 e-con-full e-flex e-con e-child\" data-id=\"52d83444\" data-element_type=\"container\" data-e-type=\"container\">\n\t\t\t\t<div class=\"elementor-element elementor-element-4958da17 elementor-widget elementor-widget-text-editor\" data-id=\"4958da17\" data-element_type=\"widget\" data-e-type=\"widget\" data-widget_type=\"text-editor.default\">\n\t\t\t\t\t\t\t\t\t<p style=\"text-align: right;\"><span style=\"color: #ffffff;\"><a style=\"color: #ffffff;\" href=\"https:\/\/apaiser.org\/newsite\/\">Accueil<\/a> \/ Vivre avec \/<a style=\"color: #ffffff;\" href=\"https:\/\/apaiser.org\/newsite\/index.php\/sante-psychologique\/\">Sant\u00e9 psychologique<\/a><br \/><\/span><\/p>\t\t\t\t\t\t\t\t<\/div>\n\t\t\t\t<\/div>\n\t\t\t\t\t<\/div>\n\t\t\t\t<\/div>\n\t\t<div class=\"elementor-element elementor-element-3f147836 e-flex e-con-boxed e-con e-parent\" data-id=\"3f147836\" data-element_type=\"container\" data-e-type=\"container\">\n\t\t\t\t\t<div class=\"e-con-inner\">\n\t\t\t\t<div class=\"elementor-element elementor-element-18ebc559 elementor-widget elementor-widget-image\" data-id=\"18ebc559\" data-element_type=\"widget\" data-e-type=\"widget\" data-widget_type=\"image.default\">\n\t\t\t\t\t\t\t\t\t\t\t\t\t\t\t<img decoding=\"async\" width=\"751\" height=\"37\" src=\"https:\/\/apaiser.org\/newsite\/wp-content\/uploads\/2024\/06\/barre-couleurs.png\" class=\"attachment-large size-large wp-image-4356\" alt=\"\" srcset=\"https:\/\/apaiser.org\/newsite\/wp-content\/uploads\/2024\/06\/barre-couleurs.png 751w, https:\/\/apaiser.org\/newsite\/wp-content\/uploads\/2024\/06\/barre-couleurs-300x15.png 300w\" sizes=\"(max-width: 751px) 100vw, 751px\" \/>\t\t\t\t\t\t\t\t\t\t\t\t\t\t\t<\/div>\n\t\t\t\t\t<\/div>\n\t\t\t\t<\/div>\n\t\t<div class=\"elementor-element elementor-element-12e4a658 e-flex e-con-boxed e-con e-parent\" data-id=\"12e4a658\" data-element_type=\"container\" data-e-type=\"container\">\n\t\t\t\t\t<div class=\"e-con-inner\">\n\t\t\t\t<div class=\"elementor-element elementor-element-5e858353 elementor-widget elementor-widget-page-title\" data-id=\"5e858353\" data-element_type=\"widget\" data-e-type=\"widget\" data-widget_type=\"page-title.default\">\n\t\t\t\t<div class=\"elementor-widget-container\">\n\t\t\t\t\t\t\t\n\t\t<div class=\"hfe-page-title hfe-page-title-wrapper elementor-widget-heading\">\n\n\t\t\t\t\t\t\t\t<h1 class=\"elementor-heading-title elementor-size-default\">\n\t\t\t\t\t\t\t\t\n\t\t\t\tSant\u00e9 psychologique  \n\t\t\t<\/h1 > \n\t\t\t\t\t<\/div>\n\t\t\t\t\t\t<\/div>\n\t\t\t\t<\/div>\n\t\t\t\t\t<\/div>\n\t\t\t\t<\/div>\n\t\t<div class=\"elementor-element elementor-element-d2975e9 e-flex e-con-boxed e-con e-parent\" data-id=\"d2975e9\" data-element_type=\"container\" data-e-type=\"container\">\n\t\t\t\t\t<div class=\"e-con-inner\">\n\t\t<div class=\"elementor-element elementor-element-cc72cf0 e-con-full e-flex e-con e-child\" data-id=\"cc72cf0\" data-element_type=\"container\" data-e-type=\"container\">\n\t\t\t\t<div class=\"elementor-element elementor-element-cf70aee elementor-widget elementor-widget-text-editor\" data-id=\"cf70aee\" data-element_type=\"widget\" data-e-type=\"widget\" data-widget_type=\"text-editor.default\">\n\t\t\t\t\t\t\t\t\t<p>Les sympt\u00f4mes li\u00e9s \u00e0 la maladie chronique peuvent, \u00e0 tort, \u00eatre minimis\u00e9s et renvoy\u00e9s \u00e0 un aspect purement psychologique par certains professionnels de sant\u00e9.<\/p><p>L\u2019impact de ces sympt\u00f4mes, en particulier la douleur chronique au quotidien, est pourtant bien r\u00e9el. Il va toucher, de fa\u00e7on plus ou moins importante, la qualit\u00e9 de vie de la personne malade : sa sant\u00e9 physique bien s\u00fbr, mais aussi sa sant\u00e9 psychologique (baisse de l\u2019estime de soi, anxi\u00e9t\u00e9), sociale (isolement social, diminution des relations aux autres), sexuelle (impact sur la libido) sans oublier des impacts professionnels, financiers, etc&#8230;<\/p><p>Aucun de ces impacts n\u2019est \u00e0 n\u00e9gliger d\u2019autant plus qu\u2019ils peuvent entra\u00eener un sentiment de culpabilit\u00e9 chez la personne malade.<\/p>\t\t\t\t\t\t\t\t<\/div>\n\t\t\t\t<\/div>\n\t\t<div class=\"elementor-element elementor-element-46f285b e-con-full e-flex e-con e-child\" data-id=\"46f285b\" data-element_type=\"container\" data-e-type=\"container\">\n\t\t\t\t<div class=\"elementor-element elementor-element-5495ae9 elementor-widget elementor-widget-image\" data-id=\"5495ae9\" data-element_type=\"widget\" data-e-type=\"widget\" data-widget_type=\"image.default\">\n\t\t\t\t\t\t\t\t\t\t\t\t\t\t\t<img fetchpriority=\"high\" decoding=\"async\" width=\"800\" height=\"533\" src=\"https:\/\/apaiser.org\/newsite\/wp-content\/uploads\/2025\/03\/headshot-exhausted-redhead-female-office-worker-blue-shirt-glasses.jpg\" class=\"attachment-large size-large wp-image-8085\" alt=\"\" srcset=\"https:\/\/apaiser.org\/newsite\/wp-content\/uploads\/2025\/03\/headshot-exhausted-redhead-female-office-worker-blue-shirt-glasses.jpg 800w, https:\/\/apaiser.org\/newsite\/wp-content\/uploads\/2025\/03\/headshot-exhausted-redhead-female-office-worker-blue-shirt-glasses-300x200.jpg 300w, https:\/\/apaiser.org\/newsite\/wp-content\/uploads\/2025\/03\/headshot-exhausted-redhead-female-office-worker-blue-shirt-glasses-768x512.jpg 768w\" sizes=\"(max-width: 800px) 100vw, 800px\" \/>\t\t\t\t\t\t\t\t\t\t\t\t\t\t\t<\/div>\n\t\t\t\t<\/div>\n\t\t\t\t\t<\/div>\n\t\t\t\t<\/div>\n\t\t<div class=\"elementor-element elementor-element-49f1abb e-flex e-con-boxed e-con e-parent\" data-id=\"49f1abb\" data-element_type=\"container\" data-e-type=\"container\">\n\t\t\t\t\t<div class=\"e-con-inner\">\n\t\t\t\t<div class=\"elementor-element elementor-element-3bebb07 elementor-widget elementor-widget-text-editor\" data-id=\"3bebb07\" data-element_type=\"widget\" data-e-type=\"widget\" data-widget_type=\"text-editor.default\">\n\t\t\t\t\t\t\t\t\t<p>L\u2019entourage, qu\u2019il s\u2019agisse des proches ou proches-aidants (parent, conjoint), n\u2019est pas \u00e9pargn\u00e9 par ces bouleversements (sentiment de culpabilit\u00e9, impact sur la qualit\u00e9 de vie, risque d\u2019\u00e9puisement, etc). On conna\u00eet pourtant la place primordiale qu\u2019ils peuvent avoir en termes de soutien apport\u00e9 au quotidien, qu\u2019il s\u2019agisse de soutien \u00e9motionnel et\/ou physique.<\/p><p><strong>Un soutien psychologique peut alors \u00eatre envisag\u00e9 \u00e0 tout moment de la prise en charge<\/strong> afin de permettre au patient et\/ou son entourage d\u2019exprimer ce qu\u2019ils ressentent, de prendre conscience de leurs \u00e9motions et de retravailler l\u2019impact de la maladie (d\u00e9tresse psychologique, incompr\u00e9hensions, difficult\u00e9s de communication etc.) avec un professionnel de la sant\u00e9 mentale tel qu\u2019un psychologue ou un psychiatre.<\/p><p>Le choix de s\u2019orienter vers l\u2019un ou l\u2019autre peut d\u00e9pendre de plusieurs crit\u00e8res : souhait d\u2019un travail davantage orient\u00e9 sur la parole, n\u00e9cessit\u00e9 ou non d\u2019un traitement m\u00e9dicamenteux etc&#8230; A ce jour, seuls les psychiatres b\u00e9n\u00e9ficient d\u2019un remboursement p\u00e9renne par la CPAM.<\/p><p><strong>Mon Soutien Psy : nouveau dispositif pris en charge par la s\u00e9curit\u00e9 sociale.<\/strong><br \/><br \/><\/p><p><img decoding=\"async\" class=\"aligncenter wp-image-6502 size-full\" src=\"http:\/\/apaiser.org\/newsite\/wp-content\/uploads\/2024\/12\/infographie-mon-soutien-psy_646x1682_assurance-maladie.jpg.webp\" alt=\"\" width=\"646\" height=\"1682\" srcset=\"https:\/\/apaiser.org\/newsite\/wp-content\/uploads\/2024\/12\/infographie-mon-soutien-psy_646x1682_assurance-maladie.jpg.webp 646w, https:\/\/apaiser.org\/newsite\/wp-content\/uploads\/2024\/12\/infographie-mon-soutien-psy_646x1682_assurance-maladie.jpg-115x300.webp 115w, https:\/\/apaiser.org\/newsite\/wp-content\/uploads\/2024\/12\/infographie-mon-soutien-psy_646x1682_assurance-maladie.jpg-393x1024.webp 393w, https:\/\/apaiser.org\/newsite\/wp-content\/uploads\/2024\/12\/infographie-mon-soutien-psy_646x1682_assurance-maladie.jpg-590x1536.webp 590w\" sizes=\"(max-width: 646px) 100vw, 646px\" \/><\/p><p>Bien s\u00fbr, d\u2019autres psychologues exercent hors de ce dispositif. N\u00e9anmoins, il est important de faire toujours confiance \u00e0 un professionnel reconnu.<\/p><p>Pour trouver un psychologue conventionn\u00e9 par l&rsquo;assurance maladie :<a href=\"https:\/\/monsoutienpsy.ameli.fr\/recherche-psychologue\" target=\"_blank\" rel=\"noopener\"> https:\/\/monsoutienpsy.ameli.fr\/recherche-psychologue<\/a><\/p><p><strong>L&rsquo;impact sur la vie sexuelle et affective<\/strong><\/p><p>Selon une \u00e9tude internationale publi\u00e9e en 2016, les troubles sexuels et affectifs sont deux \u00e0 six fois plus pr\u00e9sents chez les personnes atteintes de maladie chronique que dans la population g\u00e9n\u00e9rale.<\/p><p>73 % des r\u00e9pondants \u00e0 l\u2019\u00e9tude \u00ab Vivre avec la syringomy\u00e9lie et le Chiari \u00bb ont t\u00e9moign\u00e9 de telles difficult\u00e9s, mais seuls 10 % en avaient parl\u00e9 \u00e0 un professionnel de sant\u00e9.<\/p><p>M\u00eame si l\u2019on peut comprendre que la sant\u00e9 sexuelle ne soit pas au c\u0153ur des pr\u00e9occupations lorsque l\u2019on se d\u00e9couvre une maladie rare, il faut avoir conscience des frustrations et des r\u00e9percussions \u00e0 long-terme du non-dit, et ne pas h\u00e9siter \u00e0 demander un accompagnement en demandant \u00e0 votre m\u00e9decin traitant de vous orienter.<\/p>\t\t\t\t\t\t\t\t<\/div>\n\t\t\t\t\t<\/div>\n\t\t\t\t<\/div>\n\t\t<div class=\"elementor-element elementor-element-2c67b04 e-flex e-con-boxed e-con e-parent\" data-id=\"2c67b04\" data-element_type=\"container\" data-e-type=\"container\">\n\t\t\t\t\t<div class=\"e-con-inner\">\n\t\t\t\t<div class=\"elementor-element elementor-element-a40c7d6 elementor-widget elementor-widget-video\" data-id=\"a40c7d6\" data-element_type=\"widget\" data-e-type=\"widget\" data-settings=\"{&quot;youtube_url&quot;:&quot;https:\\\/\\\/www.youtube.com\\\/watch?v=gVqub63WnUo&quot;,&quot;video_type&quot;:&quot;youtube&quot;,&quot;controls&quot;:&quot;yes&quot;}\" data-widget_type=\"video.default\">\n\t\t\t\t\t\t\t<div class=\"elementor-wrapper elementor-open-inline\">\n\t\t\t<div class=\"elementor-video\"><\/div>\t\t<\/div>\n\t\t\t\t\t\t<\/div>\n\t\t\t\t\t<\/div>\n\t\t\t\t<\/div>\n\t\t<div class=\"elementor-element elementor-element-52de544f e-flex e-con-boxed e-con e-parent\" data-id=\"52de544f\" data-element_type=\"container\" data-e-type=\"container\">\n\t\t\t\t\t<div class=\"e-con-inner\">\n\t\t\t\t<div class=\"elementor-element elementor-element-6d184996 elementor-widget elementor-widget-spacer\" data-id=\"6d184996\" data-element_type=\"widget\" data-e-type=\"widget\" data-widget_type=\"spacer.default\">\n\t\t\t\t\t\t\t<div class=\"elementor-spacer\">\n\t\t\t<div class=\"elementor-spacer-inner\"><\/div>\n\t\t<\/div>\n\t\t\t\t\t\t<\/div>\n\t\t\t\t\t<\/div>\n\t\t\t\t<\/div>\n\t\t\t\t<\/div>\n\t\t","protected":false},"excerpt":{"rendered":"<p>Vivre avec Accueil \/ Vivre avec \/Sant\u00e9 psychologique Sant\u00e9 psychologique Les sympt\u00f4mes li\u00e9s \u00e0 la maladie chronique peuvent, \u00e0 tort, \u00eatre minimis\u00e9s et renvoy\u00e9s \u00e0 un aspect purement psychologique par [&hellip;]<\/p>\n","protected":false},"author":1,"featured_media":0,"parent":0,"menu_order":0,"comment_status":"closed","ping_status":"closed","template":"elementor_header_footer","meta":{"inline_featured_image":false,"footnotes":""},"class_list":["post-6157","page","type-page","status-publish","hentry"],"yoast_head":"<!-- This site is optimized with the Yoast SEO plugin v27.4 - https:\/\/yoast.com\/product\/yoast-seo-wordpress\/ -->\n<title>Sant\u00e9 psychologique - Apaiser S&amp;C<\/title>\n<meta name=\"robots\" content=\"index, follow, max-snippet:-1, max-image-preview:large, max-video-preview:-1\" \/>\n<link rel=\"canonical\" href=\"https:\/\/apaiser.org\/newsite\/sante-psychologique\/\" \/>\n<meta property=\"og:locale\" content=\"fr_FR\" \/>\n<meta property=\"og:type\" content=\"article\" \/>\n<meta property=\"og:title\" content=\"Sant\u00e9 psychologique - Apaiser S&amp;C\" \/>\n<meta property=\"og:description\" content=\"Vivre avec Accueil \/ Vivre avec \/Sant\u00e9 psychologique Sant\u00e9 psychologique Les sympt\u00f4mes li\u00e9s \u00e0 la maladie chronique peuvent, \u00e0 tort, \u00eatre minimis\u00e9s et renvoy\u00e9s \u00e0 un aspect purement psychologique par [&hellip;]\" \/>\n<meta property=\"og:url\" content=\"https:\/\/apaiser.org\/newsite\/sante-psychologique\/\" \/>\n<meta property=\"og:site_name\" content=\"Apaiser S&amp;C\" \/>\n<meta property=\"article:publisher\" content=\"https:\/\/www.facebook.com\/AssociationApaiser\/\" \/>\n<meta property=\"article:modified_time\" content=\"2026-02-03T17:03:27+00:00\" \/>\n<meta property=\"og:image\" content=\"http:\/\/apaiser.org\/newsite\/wp-content\/uploads\/2024\/06\/barre-couleurs.png\" \/>\n<meta name=\"twitter:card\" content=\"summary_large_image\" \/>\n<meta name=\"twitter:label1\" content=\"Dur\u00e9e de lecture estim\u00e9e\" \/>\n\t<meta name=\"twitter:data1\" content=\"1 minute\" \/>\n<script type=\"application\/ld+json\" class=\"yoast-schema-graph\">{\"@context\":\"https:\\\/\\\/schema.org\",\"@graph\":[{\"@type\":\"WebPage\",\"@id\":\"https:\\\/\\\/apaiser.org\\\/newsite\\\/sante-psychologique\\\/\",\"url\":\"https:\\\/\\\/apaiser.org\\\/newsite\\\/sante-psychologique\\\/\",\"name\":\"Sant\u00e9 psychologique - Apaiser S&amp;C\",\"isPartOf\":{\"@id\":\"https:\\\/\\\/apaiser.org\\\/newsite\\\/#website\"},\"primaryImageOfPage\":{\"@id\":\"https:\\\/\\\/apaiser.org\\\/newsite\\\/sante-psychologique\\\/#primaryimage\"},\"image\":{\"@id\":\"https:\\\/\\\/apaiser.org\\\/newsite\\\/sante-psychologique\\\/#primaryimage\"},\"thumbnailUrl\":\"http:\\\/\\\/apaiser.org\\\/newsite\\\/wp-content\\\/uploads\\\/2024\\\/06\\\/barre-couleurs.png\",\"datePublished\":\"2024-06-26T14:21:37+00:00\",\"dateModified\":\"2026-02-03T17:03:27+00:00\",\"breadcrumb\":{\"@id\":\"https:\\\/\\\/apaiser.org\\\/newsite\\\/sante-psychologique\\\/#breadcrumb\"},\"inLanguage\":\"fr-FR\",\"potentialAction\":[{\"@type\":\"ReadAction\",\"target\":[\"https:\\\/\\\/apaiser.org\\\/newsite\\\/sante-psychologique\\\/\"]}]},{\"@type\":\"ImageObject\",\"inLanguage\":\"fr-FR\",\"@id\":\"https:\\\/\\\/apaiser.org\\\/newsite\\\/sante-psychologique\\\/#primaryimage\",\"url\":\"http:\\\/\\\/apaiser.org\\\/newsite\\\/wp-content\\\/uploads\\\/2024\\\/06\\\/barre-couleurs.png\",\"contentUrl\":\"http:\\\/\\\/apaiser.org\\\/newsite\\\/wp-content\\\/uploads\\\/2024\\\/06\\\/barre-couleurs.png\"},{\"@type\":\"BreadcrumbList\",\"@id\":\"https:\\\/\\\/apaiser.org\\\/newsite\\\/sante-psychologique\\\/#breadcrumb\",\"itemListElement\":[{\"@type\":\"ListItem\",\"position\":1,\"name\":\"Accueil\",\"item\":\"https:\\\/\\\/apaiser.org\\\/newsite\\\/\"},{\"@type\":\"ListItem\",\"position\":2,\"name\":\"Sant\u00e9 psychologique\"}]},{\"@type\":\"WebSite\",\"@id\":\"https:\\\/\\\/apaiser.org\\\/newsite\\\/#website\",\"url\":\"https:\\\/\\\/apaiser.org\\\/newsite\\\/\",\"name\":\"Apaiser S&C\",\"description\":\"Associaton pour Aider, Informer, Soutenir les Etudes et la Recherche pour la syingomy\u00e9lie et le Chiari\",\"publisher\":{\"@id\":\"https:\\\/\\\/apaiser.org\\\/newsite\\\/#organization\"},\"alternateName\":\"Association pour aide, informer, soutenir les \u00e9tudes et la recherche pou la syringomy\u00e9lie et le chiari\",\"potentialAction\":[{\"@type\":\"SearchAction\",\"target\":{\"@type\":\"EntryPoint\",\"urlTemplate\":\"https:\\\/\\\/apaiser.org\\\/newsite\\\/?s={search_term_string}\"},\"query-input\":{\"@type\":\"PropertyValueSpecification\",\"valueRequired\":true,\"valueName\":\"search_term_string\"}}],\"inLanguage\":\"fr-FR\"},{\"@type\":\"Organization\",\"@id\":\"https:\\\/\\\/apaiser.org\\\/newsite\\\/#organization\",\"name\":\"Apaiser S&C\",\"alternateName\":\"Association pour aider, informer, soutenir les \u00e9tudes et la recherche pour la syingomy\u00e9lie et le Chiari\",\"url\":\"https:\\\/\\\/apaiser.org\\\/newsite\\\/\",\"logo\":{\"@type\":\"ImageObject\",\"inLanguage\":\"fr-FR\",\"@id\":\"https:\\\/\\\/apaiser.org\\\/newsite\\\/#\\\/schema\\\/logo\\\/image\\\/\",\"url\":\"https:\\\/\\\/apaiser.org\\\/newsite\\\/wp-content\\\/uploads\\\/2024\\\/06\\\/logo.png\",\"contentUrl\":\"https:\\\/\\\/apaiser.org\\\/newsite\\\/wp-content\\\/uploads\\\/2024\\\/06\\\/logo.png\",\"width\":173,\"height\":136,\"caption\":\"Apaiser S&C\"},\"image\":{\"@id\":\"https:\\\/\\\/apaiser.org\\\/newsite\\\/#\\\/schema\\\/logo\\\/image\\\/\"},\"sameAs\":[\"https:\\\/\\\/www.facebook.com\\\/AssociationApaiser\\\/\",\"https:\\\/\\\/www.instagram.com\\\/apaisersc\\\/\",\"https:\\\/\\\/www.youtube.com\\\/@apaiser7806\"]}]}<\/script>\n<!-- \/ Yoast SEO plugin. -->","yoast_head_json":{"title":"Sant\u00e9 psychologique - Apaiser S&amp;C","robots":{"index":"index","follow":"follow","max-snippet":"max-snippet:-1","max-image-preview":"max-image-preview:large","max-video-preview":"max-video-preview:-1"},"canonical":"https:\/\/apaiser.org\/newsite\/sante-psychologique\/","og_locale":"fr_FR","og_type":"article","og_title":"Sant\u00e9 psychologique - Apaiser S&amp;C","og_description":"Vivre avec Accueil \/ Vivre avec \/Sant\u00e9 psychologique Sant\u00e9 psychologique Les sympt\u00f4mes li\u00e9s \u00e0 la maladie chronique peuvent, \u00e0 tort, \u00eatre minimis\u00e9s et renvoy\u00e9s \u00e0 un aspect purement psychologique par [&hellip;]","og_url":"https:\/\/apaiser.org\/newsite\/sante-psychologique\/","og_site_name":"Apaiser S&amp;C","article_publisher":"https:\/\/www.facebook.com\/AssociationApaiser\/","article_modified_time":"2026-02-03T17:03:27+00:00","og_image":[{"url":"http:\/\/apaiser.org\/newsite\/wp-content\/uploads\/2024\/06\/barre-couleurs.png","type":"","width":"","height":""}],"twitter_card":"summary_large_image","twitter_misc":{"Dur\u00e9e de lecture estim\u00e9e":"1 minute"},"schema":{"@context":"https:\/\/schema.org","@graph":[{"@type":"WebPage","@id":"https:\/\/apaiser.org\/newsite\/sante-psychologique\/","url":"https:\/\/apaiser.org\/newsite\/sante-psychologique\/","name":"Sant\u00e9 psychologique - Apaiser S&amp;C","isPartOf":{"@id":"https:\/\/apaiser.org\/newsite\/#website"},"primaryImageOfPage":{"@id":"https:\/\/apaiser.org\/newsite\/sante-psychologique\/#primaryimage"},"image":{"@id":"https:\/\/apaiser.org\/newsite\/sante-psychologique\/#primaryimage"},"thumbnailUrl":"http:\/\/apaiser.org\/newsite\/wp-content\/uploads\/2024\/06\/barre-couleurs.png","datePublished":"2024-06-26T14:21:37+00:00","dateModified":"2026-02-03T17:03:27+00:00","breadcrumb":{"@id":"https:\/\/apaiser.org\/newsite\/sante-psychologique\/#breadcrumb"},"inLanguage":"fr-FR","potentialAction":[{"@type":"ReadAction","target":["https:\/\/apaiser.org\/newsite\/sante-psychologique\/"]}]},{"@type":"ImageObject","inLanguage":"fr-FR","@id":"https:\/\/apaiser.org\/newsite\/sante-psychologique\/#primaryimage","url":"http:\/\/apaiser.org\/newsite\/wp-content\/uploads\/2024\/06\/barre-couleurs.png","contentUrl":"http:\/\/apaiser.org\/newsite\/wp-content\/uploads\/2024\/06\/barre-couleurs.png"},{"@type":"BreadcrumbList","@id":"https:\/\/apaiser.org\/newsite\/sante-psychologique\/#breadcrumb","itemListElement":[{"@type":"ListItem","position":1,"name":"Accueil","item":"https:\/\/apaiser.org\/newsite\/"},{"@type":"ListItem","position":2,"name":"Sant\u00e9 psychologique"}]},{"@type":"WebSite","@id":"https:\/\/apaiser.org\/newsite\/#website","url":"https:\/\/apaiser.org\/newsite\/","name":"Apaiser S&C","description":"Associaton pour Aider, Informer, Soutenir les Etudes et la Recherche pour la syingomy\u00e9lie et le Chiari","publisher":{"@id":"https:\/\/apaiser.org\/newsite\/#organization"},"alternateName":"Association pour aide, informer, soutenir les \u00e9tudes et la recherche pou la syringomy\u00e9lie et le chiari","potentialAction":[{"@type":"SearchAction","target":{"@type":"EntryPoint","urlTemplate":"https:\/\/apaiser.org\/newsite\/?s={search_term_string}"},"query-input":{"@type":"PropertyValueSpecification","valueRequired":true,"valueName":"search_term_string"}}],"inLanguage":"fr-FR"},{"@type":"Organization","@id":"https:\/\/apaiser.org\/newsite\/#organization","name":"Apaiser S&C","alternateName":"Association pour aider, informer, soutenir les \u00e9tudes et la recherche pour la syingomy\u00e9lie et le Chiari","url":"https:\/\/apaiser.org\/newsite\/","logo":{"@type":"ImageObject","inLanguage":"fr-FR","@id":"https:\/\/apaiser.org\/newsite\/#\/schema\/logo\/image\/","url":"https:\/\/apaiser.org\/newsite\/wp-content\/uploads\/2024\/06\/logo.png","contentUrl":"https:\/\/apaiser.org\/newsite\/wp-content\/uploads\/2024\/06\/logo.png","width":173,"height":136,"caption":"Apaiser S&C"},"image":{"@id":"https:\/\/apaiser.org\/newsite\/#\/schema\/logo\/image\/"},"sameAs":["https:\/\/www.facebook.com\/AssociationApaiser\/","https:\/\/www.instagram.com\/apaisersc\/","https:\/\/www.youtube.com\/@apaiser7806"]}]}},"rttpg_featured_image_url":null,"rttpg_author":{"display_name":"fpiriou","author_link":"https:\/\/apaiser.org\/newsite\/author\/fpiriou\/"},"rttpg_comment":0,"rttpg_category":null,"rttpg_excerpt":"Vivre avec Accueil \/ Vivre avec \/Sant\u00e9 psychologique Sant\u00e9 psychologique Les sympt\u00f4mes li\u00e9s \u00e0 la maladie chronique peuvent, \u00e0 tort, \u00eatre minimis\u00e9s et renvoy\u00e9s \u00e0 un aspect purement psychologique par [&hellip;]","_links":{"self":[{"href":"https:\/\/apaiser.org\/newsite\/wp-json\/wp\/v2\/pages\/6157","targetHints":{"allow":["GET"]}}],"collection":[{"href":"https:\/\/apaiser.org\/newsite\/wp-json\/wp\/v2\/pages"}],"about":[{"href":"https:\/\/apaiser.org\/newsite\/wp-json\/wp\/v2\/types\/page"}],"author":[{"embeddable":true,"href":"https:\/\/apaiser.org\/newsite\/wp-json\/wp\/v2\/users\/1"}],"replies":[{"embeddable":true,"href":"https:\/\/apaiser.org\/newsite\/wp-json\/wp\/v2\/comments?post=6157"}],"version-history":[{"count":20,"href":"https:\/\/apaiser.org\/newsite\/wp-json\/wp\/v2\/pages\/6157\/revisions"}],"predecessor-version":[{"id":8763,"href":"https:\/\/apaiser.org\/newsite\/wp-json\/wp\/v2\/pages\/6157\/revisions\/8763"}],"wp:attachment":[{"href":"https:\/\/apaiser.org\/newsite\/wp-json\/wp\/v2\/media?parent=6157"}],"curies":[{"name":"wp","href":"https:\/\/api.w.org\/{rel}","templated":true}]}}