{"id":7481,"date":"2025-02-25T16:19:22","date_gmt":"2025-02-25T15:19:22","guid":{"rendered":"https:\/\/apaiser.org\/newsite\/?page_id=7481"},"modified":"2026-04-07T10:49:45","modified_gmt":"2026-04-07T08:49:45","slug":"jadhere","status":"publish","type":"page","link":"https:\/\/apaiser.org\/newsite\/jadhere\/","title":{"rendered":"J&rsquo;adh\u00e8re"},"content":{"rendered":"\t\t<div data-elementor-type=\"wp-page\" data-elementor-id=\"7481\" class=\"elementor elementor-7481\" data-elementor-post-type=\"page\">\n\t\t\t\t<div class=\"elementor-element elementor-element-4b7590ae e-flex e-con-boxed e-con e-parent\" data-id=\"4b7590ae\" data-element_type=\"container\" data-e-type=\"container\" data-settings=\"{&quot;background_background&quot;:&quot;classic&quot;}\">\n\t\t\t\t\t<div class=\"e-con-inner\">\n\t\t<div class=\"elementor-element elementor-element-17274de2 e-con-full e-flex e-con e-child\" data-id=\"17274de2\" data-element_type=\"container\" data-e-type=\"container\">\n\t\t\t\t<div class=\"elementor-element elementor-element-54290a36 elementor-widget elementor-widget-heading\" data-id=\"54290a36\" data-element_type=\"widget\" data-e-type=\"widget\" data-widget_type=\"heading.default\">\n\t\t\t\t\t<h2 class=\"elementor-heading-title elementor-size-default\">Soutenir<\/h2>\t\t\t\t<\/div>\n\t\t\t\t<div class=\"elementor-element elementor-element-4c6f7fdf elementor-widget elementor-widget-spacer\" data-id=\"4c6f7fdf\" data-element_type=\"widget\" data-e-type=\"widget\" data-widget_type=\"spacer.default\">\n\t\t\t\t\t\t\t<div class=\"elementor-spacer\">\n\t\t\t<div class=\"elementor-spacer-inner\"><\/div>\n\t\t<\/div>\n\t\t\t\t\t\t<\/div>\n\t\t\t\t<\/div>\n\t\t<div class=\"elementor-element elementor-element-5ad5d60 e-con-full e-flex e-con e-child\" data-id=\"5ad5d60\" data-element_type=\"container\" data-e-type=\"container\">\n\t\t\t\t<div class=\"elementor-element elementor-element-6237babd elementor-widget elementor-widget-text-editor\" data-id=\"6237babd\" data-element_type=\"widget\" data-e-type=\"widget\" data-widget_type=\"text-editor.default\">\n\t\t\t\t\t\t\t\t\t<p style=\"text-align: right;\"><span style=\"color: #ffffff;\"><a style=\"color: #ffffff;\" href=\"https:\/\/apaiser.org\/newsite\/\">Accueil<\/a> \/ Soutenir \/<a style=\"color: #ffffff;\" href=\"https:\/\/apaiser.org\/newsite\/index.php\/jadhere\/\">J&rsquo;adh\u00e8re<\/a>\n<\/span><\/p>\t\t\t\t\t\t\t\t<\/div>\n\t\t\t\t<\/div>\n\t\t\t\t\t<\/div>\n\t\t\t\t<\/div>\n\t\t<div class=\"elementor-element elementor-element-6aad3f2c e-flex e-con-boxed e-con e-parent\" data-id=\"6aad3f2c\" data-element_type=\"container\" data-e-type=\"container\">\n\t\t\t\t\t<div class=\"e-con-inner\">\n\t\t\t\t<div class=\"elementor-element elementor-element-6bb76144 elementor-widget elementor-widget-image\" data-id=\"6bb76144\" data-element_type=\"widget\" data-e-type=\"widget\" data-widget_type=\"image.default\">\n\t\t\t\t\t\t\t\t\t\t\t\t\t\t\t<img decoding=\"async\" width=\"751\" height=\"37\" src=\"https:\/\/apaiser.org\/newsite\/wp-content\/uploads\/2024\/06\/barre-couleurs.png\" class=\"attachment-large size-large wp-image-4356\" alt=\"\" srcset=\"https:\/\/apaiser.org\/newsite\/wp-content\/uploads\/2024\/06\/barre-couleurs.png 751w, https:\/\/apaiser.org\/newsite\/wp-content\/uploads\/2024\/06\/barre-couleurs-300x15.png 300w\" sizes=\"(max-width: 751px) 100vw, 751px\" \/>\t\t\t\t\t\t\t\t\t\t\t\t\t\t\t<\/div>\n\t\t\t\t\t<\/div>\n\t\t\t\t<\/div>\n\t\t<div class=\"elementor-element elementor-element-23e3d16c e-flex e-con-boxed e-con e-parent\" data-id=\"23e3d16c\" data-element_type=\"container\" data-e-type=\"container\">\n\t\t\t\t\t<div class=\"e-con-inner\">\n\t\t\t\t<div class=\"elementor-element elementor-element-56d9d15 elementor-widget elementor-widget-page-title\" data-id=\"56d9d15\" data-element_type=\"widget\" data-e-type=\"widget\" data-widget_type=\"page-title.default\">\n\t\t\t\t<div class=\"elementor-widget-container\">\n\t\t\t\t\t\t\t\n\t\t<div class=\"hfe-page-title hfe-page-title-wrapper elementor-widget-heading\">\n\n\t\t\t\t\t\t\t\t<h1 class=\"elementor-heading-title elementor-size-default\">\n\t\t\t\t\t\t\t\t\n\t\t\t\tJ&rsquo;adh\u00e8re  \n\t\t\t<\/h1 > \n\t\t\t\t\t<\/div>\n\t\t\t\t\t\t<\/div>\n\t\t\t\t<\/div>\n\t\t\t\t\t<\/div>\n\t\t\t\t<\/div>\n\t\t<div class=\"elementor-element elementor-element-e56b488 e-flex e-con-boxed e-con e-parent\" data-id=\"e56b488\" data-element_type=\"container\" data-e-type=\"container\">\n\t\t\t\t\t<div class=\"e-con-inner\">\n\t\t<div class=\"elementor-element elementor-element-dbeba24 e-con-full e-flex e-con e-child\" data-id=\"dbeba24\" data-element_type=\"container\" data-e-type=\"container\">\n\t\t\t\t<div class=\"elementor-element elementor-element-95ca3a6 elementor-widget elementor-widget-text-editor\" data-id=\"95ca3a6\" data-element_type=\"widget\" data-e-type=\"widget\" data-widget_type=\"text-editor.default\">\n\t\t\t\t\t\t\t\t\t<p><b>Adh\u00e9rer \u00e0 APAISER S&amp;C, c\u2019est donner plus de poids \u00e0 nos causes et \u00e0 nos voix<\/b>, et devenir membre de la premi\u00e8re et seule association reconnue d\u2019utilit\u00e9 publique d\u00e9di\u00e9e \u00e0 la syringomy\u00e9lie et \u00e0 la malformation de Chiari.<\/p><p>Les cotisations et les dons permettent \u00e0 APAISER S&amp;C d\u2019\u00eatre plus forte dans ses projets en d\u00e9diant plus de 50 % de ses financements \u00e0 la recherche m\u00e9dicale, de cr\u00e9er des actions pour soutenir les malades et leurs aidants, de participer \u00e0 des \u00e9v\u00e8nements nationaux et internationaux concernant nos maladies, de sensibiliser le public et les soignants \u00e0 nos causes\u2026<\/p><p>Tous les membres d\u2019APAISER S&amp;C sont b\u00e9n\u00e9voles afin de r\u00e9duire au maximum les frais de fonctionnement de l\u2019association. L\u2019adh\u00e9sion est seulement de 30 euros.<strong> Tous vos dons et cotisations ouvrent droit \u00e0 une r\u00e9duction d\u2019imp\u00f4ts de 66\u00a0%, <\/strong>dans les limites fix\u00e9es par la l\u00e9gislation en vigueur.<\/p>\t\t\t\t\t\t\t\t<\/div>\n\t\t\t\t<\/div>\n\t\t<div class=\"elementor-element elementor-element-fbb7ab8 e-con-full e-flex e-con e-child\" data-id=\"fbb7ab8\" data-element_type=\"container\" data-e-type=\"container\">\n\t\t\t\t<div class=\"elementor-element elementor-element-7e30035 elementor-widget elementor-widget-image\" data-id=\"7e30035\" data-element_type=\"widget\" data-e-type=\"widget\" data-widget_type=\"image.default\">\n\t\t\t\t\t\t\t\t\t\t\t\t\t\t\t<img fetchpriority=\"high\" decoding=\"async\" width=\"800\" height=\"533\" src=\"https:\/\/apaiser.org\/newsite\/wp-content\/uploads\/2025\/02\/members-labor-union-working-together.jpg\" class=\"attachment-large size-large wp-image-7516\" alt=\"\" srcset=\"https:\/\/apaiser.org\/newsite\/wp-content\/uploads\/2025\/02\/members-labor-union-working-together.jpg 800w, https:\/\/apaiser.org\/newsite\/wp-content\/uploads\/2025\/02\/members-labor-union-working-together-300x200.jpg 300w, https:\/\/apaiser.org\/newsite\/wp-content\/uploads\/2025\/02\/members-labor-union-working-together-768x512.jpg 768w\" sizes=\"(max-width: 800px) 100vw, 800px\" \/>\t\t\t\t\t\t\t\t\t\t\t\t\t\t\t<\/div>\n\t\t\t\t<\/div>\n\t\t\t\t\t<\/div>\n\t\t\t\t<\/div>\n\t\t<div class=\"elementor-element elementor-element-b0d8a04 e-flex e-con-boxed e-con e-parent\" data-id=\"b0d8a04\" data-element_type=\"container\" data-e-type=\"container\">\n\t\t\t\t\t<div class=\"e-con-inner\">\n\t\t\t\t<div class=\"elementor-element elementor-element-3e51ee3 elementor-widget elementor-widget-heading\" data-id=\"3e51ee3\" data-element_type=\"widget\" data-e-type=\"widget\" data-widget_type=\"heading.default\">\n\t\t\t\t\t<h3 class=\"elementor-heading-title elementor-size-default\">Les avantages r\u00e9serv\u00e9s aux adh\u00e9rents<\/h3>\t\t\t\t<\/div>\n\t\t\t\t\t<\/div>\n\t\t\t\t<\/div>\n\t\t<div class=\"elementor-element elementor-element-448b6a3 e-flex e-con-boxed e-con e-parent\" data-id=\"448b6a3\" data-element_type=\"container\" data-e-type=\"container\">\n\t\t\t\t\t<div class=\"e-con-inner\">\n\t\t\t\t<div class=\"elementor-element elementor-element-88f53b8 elementor-widget elementor-widget-image\" data-id=\"88f53b8\" data-element_type=\"widget\" data-e-type=\"widget\" data-widget_type=\"image.default\">\n\t\t\t\t\t\t\t\t\t\t\t\t\t\t\t<img decoding=\"async\" width=\"800\" height=\"800\" src=\"https:\/\/apaiser.org\/newsite\/wp-content\/uploads\/2025\/02\/etoile.jpg\" class=\"attachment-large size-large wp-image-7967\" alt=\"\" srcset=\"https:\/\/apaiser.org\/newsite\/wp-content\/uploads\/2025\/02\/etoile.jpg 800w, https:\/\/apaiser.org\/newsite\/wp-content\/uploads\/2025\/02\/etoile-300x300.jpg 300w, https:\/\/apaiser.org\/newsite\/wp-content\/uploads\/2025\/02\/etoile-150x150.jpg 150w, https:\/\/apaiser.org\/newsite\/wp-content\/uploads\/2025\/02\/etoile-768x768.jpg 768w, https:\/\/apaiser.org\/newsite\/wp-content\/uploads\/2025\/02\/etoile-700x700.jpg 700w\" sizes=\"(max-width: 800px) 100vw, 800px\" \/>\t\t\t\t\t\t\t\t\t\t\t\t\t\t\t<\/div>\n\t\t\t\t\t<\/div>\n\t\t\t\t<\/div>\n\t\t<div class=\"elementor-element elementor-element-d717514 e-flex e-con-boxed e-con e-parent\" data-id=\"d717514\" data-element_type=\"container\" data-e-type=\"container\">\n\t\t\t\t\t<div class=\"e-con-inner\">\n\t\t\t\t<div class=\"elementor-element elementor-element-ba42bed elementor-widget elementor-widget-heading\" data-id=\"ba42bed\" data-element_type=\"widget\" data-e-type=\"widget\" data-widget_type=\"heading.default\">\n\t\t\t\t\t<h3 class=\"elementor-heading-title elementor-size-default\">Comment adh\u00e9rer \u00e0 APAISER S&amp;C ?<\/h3>\t\t\t\t<\/div>\n\t\t\t\t\t<\/div>\n\t\t\t\t<\/div>\n\t\t<div class=\"elementor-element elementor-element-c5e584f e-flex e-con-boxed e-con e-parent\" data-id=\"c5e584f\" data-element_type=\"container\" data-e-type=\"container\">\n\t\t\t\t\t<div class=\"e-con-inner\">\n\t\t<div class=\"elementor-element elementor-element-a8c227a e-con-full e-flex e-con e-child\" data-id=\"a8c227a\" data-element_type=\"container\" data-e-type=\"container\">\n\t\t\t\t<div class=\"elementor-element elementor-element-4628548 elementor-widget elementor-widget-text-editor\" data-id=\"4628548\" data-element_type=\"widget\" data-e-type=\"widget\" data-widget_type=\"text-editor.default\">\n\t\t\t\t\t\t\t\t\t<p><strong><a href=\"http:\/\/apaiser.org\/newsite\/wp-content\/uploads\/2025\/02\/Bulletin-Adhesion.pdf\" target=\"_blank\" rel=\"noopener\"><img loading=\"lazy\" decoding=\"async\" class=\"aligncenter wp-image-6111\" src=\"http:\/\/apaiser.org\/newsite\/wp-content\/uploads\/2024\/06\/telecharge-document-1-225x300.png\" alt=\"\" width=\"60\" height=\"80\" srcset=\"https:\/\/apaiser.org\/newsite\/wp-content\/uploads\/2024\/06\/telecharge-document-1-225x300.png 225w, https:\/\/apaiser.org\/newsite\/wp-content\/uploads\/2024\/06\/elementor\/thumbs\/telecharge-document-1-qq8aqh2erx9uzt4bume5pqkzd1lj5sugc2zpjnkhsw.png 60w, https:\/\/apaiser.org\/newsite\/wp-content\/uploads\/2024\/06\/telecharge-document-1.png 417w\" sizes=\"(max-width: 60px) 100vw, 60px\" \/><\/a><br \/>Par courrier :<\/strong> T\u00e9l\u00e9chargez le <a href=\"http:\/\/apaiser.org\/newsite\/wp-content\/uploads\/2026\/04\/Bulletin-Adhesion.pdf\" target=\"_blank\" rel=\"noopener\">formulaire d&rsquo;adh\u00e9sion<\/a><\/p>\t\t\t\t\t\t\t\t<\/div>\n\t\t\t\t<\/div>\n\t\t<div class=\"elementor-element elementor-element-34ef86b e-con-full e-flex e-con e-child\" data-id=\"34ef86b\" data-element_type=\"container\" data-e-type=\"container\">\n\t\t\t\t<div class=\"elementor-element elementor-element-f685f5e elementor-widget elementor-widget-text-editor\" data-id=\"f685f5e\" data-element_type=\"widget\" data-e-type=\"widget\" data-widget_type=\"text-editor.default\">\n\t\t\t\t\t\t\t\t\t<p><strong><a href=\"https:\/\/apaiser-s-c-59c223a70b633.assoconnect.com\/collect\/description\/196251-u-adhesion-apaiser-s-c\" target=\"_blank\" rel=\"noopener\"><img loading=\"lazy\" decoding=\"async\" class=\"alignnone wp-image-7486\" src=\"http:\/\/apaiser.org\/newsite\/wp-content\/uploads\/2025\/02\/internet-1.png\" alt=\"\" width=\"148\" height=\"80\" \/><\/a><\/strong><\/p><p><strong>En ligne :<\/strong> sur le site <a href=\"https:\/\/apaiser-s-c-59c223a70b633.assoconnect.com\/collect\/description\/196251-u-adhesion-apaiser-s-c\" target=\"_blank\" rel=\"noopener\">assoconnect<\/a><\/p>\t\t\t\t\t\t\t\t<\/div>\n\t\t\t\t<\/div>\n\t\t\t\t\t<\/div>\n\t\t\t\t<\/div>\n\t\t\t\t<\/div>\n\t\t","protected":false},"excerpt":{"rendered":"<p>Soutenir Accueil \/ Soutenir \/J&rsquo;adh\u00e8re J&#8217;adh\u00e8re Adh\u00e9rer \u00e0 APAISER S&amp;C, c\u2019est donner plus de poids \u00e0 nos causes et \u00e0 nos voix, et devenir membre de la premi\u00e8re et seule [&hellip;]<\/p>\n","protected":false},"author":1,"featured_media":0,"parent":0,"menu_order":0,"comment_status":"closed","ping_status":"closed","template":"elementor_header_footer","meta":{"inline_featured_image":false,"footnotes":""},"class_list":["post-7481","page","type-page","status-publish","hentry"],"yoast_head":"<!-- This site is optimized with the Yoast SEO plugin v27.4 - https:\/\/yoast.com\/product\/yoast-seo-wordpress\/ -->\n<title>J&#039;adh\u00e8re - Apaiser S&amp;C<\/title>\n<meta name=\"description\" content=\"Adh\u00e9rer \u00e0 Apaiser S&amp;C Association de patients atteints de la malformation de Chiari et la syringomy\u00e9lie\" \/>\n<meta name=\"robots\" content=\"index, follow, max-snippet:-1, max-image-preview:large, max-video-preview:-1\" \/>\n<link rel=\"canonical\" href=\"https:\/\/apaiser.org\/newsite\/jadhere\/\" \/>\n<meta property=\"og:locale\" content=\"fr_FR\" \/>\n<meta property=\"og:type\" content=\"article\" \/>\n<meta property=\"og:title\" content=\"J&#039;adh\u00e8re - Apaiser S&amp;C\" \/>\n<meta property=\"og:description\" content=\"Adh\u00e9rer \u00e0 Apaiser S&amp;C Association de patients atteints de la malformation de Chiari et la syringomy\u00e9lie\" \/>\n<meta property=\"og:url\" content=\"https:\/\/apaiser.org\/newsite\/jadhere\/\" \/>\n<meta property=\"og:site_name\" content=\"Apaiser S&amp;C\" \/>\n<meta property=\"article:publisher\" content=\"https:\/\/www.facebook.com\/AssociationApaiser\/\" \/>\n<meta property=\"article:modified_time\" content=\"2026-04-07T08:49:45+00:00\" \/>\n<meta property=\"og:image\" content=\"http:\/\/apaiser.org\/newsite\/wp-content\/uploads\/2024\/06\/barre-couleurs.png\" \/>\n<meta name=\"twitter:card\" content=\"summary_large_image\" \/>\n<meta name=\"twitter:label1\" content=\"Dur\u00e9e de lecture estim\u00e9e\" \/>\n\t<meta name=\"twitter:data1\" content=\"1 minute\" \/>\n<script type=\"application\/ld+json\" class=\"yoast-schema-graph\">{\"@context\":\"https:\\\/\\\/schema.org\",\"@graph\":[{\"@type\":\"WebPage\",\"@id\":\"https:\\\/\\\/apaiser.org\\\/newsite\\\/jadhere\\\/\",\"url\":\"https:\\\/\\\/apaiser.org\\\/newsite\\\/jadhere\\\/\",\"name\":\"J'adh\u00e8re - Apaiser S&amp;C\",\"isPartOf\":{\"@id\":\"https:\\\/\\\/apaiser.org\\\/newsite\\\/#website\"},\"primaryImageOfPage\":{\"@id\":\"https:\\\/\\\/apaiser.org\\\/newsite\\\/jadhere\\\/#primaryimage\"},\"image\":{\"@id\":\"https:\\\/\\\/apaiser.org\\\/newsite\\\/jadhere\\\/#primaryimage\"},\"thumbnailUrl\":\"http:\\\/\\\/apaiser.org\\\/newsite\\\/wp-content\\\/uploads\\\/2024\\\/06\\\/barre-couleurs.png\",\"datePublished\":\"2025-02-25T15:19:22+00:00\",\"dateModified\":\"2026-04-07T08:49:45+00:00\",\"description\":\"Adh\u00e9rer \u00e0 Apaiser S&C Association de patients atteints de la malformation de Chiari et la syringomy\u00e9lie\",\"breadcrumb\":{\"@id\":\"https:\\\/\\\/apaiser.org\\\/newsite\\\/jadhere\\\/#breadcrumb\"},\"inLanguage\":\"fr-FR\",\"potentialAction\":[{\"@type\":\"ReadAction\",\"target\":[\"https:\\\/\\\/apaiser.org\\\/newsite\\\/jadhere\\\/\"]}]},{\"@type\":\"ImageObject\",\"inLanguage\":\"fr-FR\",\"@id\":\"https:\\\/\\\/apaiser.org\\\/newsite\\\/jadhere\\\/#primaryimage\",\"url\":\"http:\\\/\\\/apaiser.org\\\/newsite\\\/wp-content\\\/uploads\\\/2024\\\/06\\\/barre-couleurs.png\",\"contentUrl\":\"http:\\\/\\\/apaiser.org\\\/newsite\\\/wp-content\\\/uploads\\\/2024\\\/06\\\/barre-couleurs.png\"},{\"@type\":\"BreadcrumbList\",\"@id\":\"https:\\\/\\\/apaiser.org\\\/newsite\\\/jadhere\\\/#breadcrumb\",\"itemListElement\":[{\"@type\":\"ListItem\",\"position\":1,\"name\":\"Accueil\",\"item\":\"https:\\\/\\\/apaiser.org\\\/newsite\\\/\"},{\"@type\":\"ListItem\",\"position\":2,\"name\":\"J&rsquo;adh\u00e8re\"}]},{\"@type\":\"WebSite\",\"@id\":\"https:\\\/\\\/apaiser.org\\\/newsite\\\/#website\",\"url\":\"https:\\\/\\\/apaiser.org\\\/newsite\\\/\",\"name\":\"Apaiser S&C\",\"description\":\"Associaton pour Aider, Informer, Soutenir les Etudes et la Recherche pour la syingomy\u00e9lie et le Chiari\",\"publisher\":{\"@id\":\"https:\\\/\\\/apaiser.org\\\/newsite\\\/#organization\"},\"alternateName\":\"Association pour aide, informer, soutenir les \u00e9tudes et la recherche pou la syringomy\u00e9lie et le chiari\",\"potentialAction\":[{\"@type\":\"SearchAction\",\"target\":{\"@type\":\"EntryPoint\",\"urlTemplate\":\"https:\\\/\\\/apaiser.org\\\/newsite\\\/?s={search_term_string}\"},\"query-input\":{\"@type\":\"PropertyValueSpecification\",\"valueRequired\":true,\"valueName\":\"search_term_string\"}}],\"inLanguage\":\"fr-FR\"},{\"@type\":\"Organization\",\"@id\":\"https:\\\/\\\/apaiser.org\\\/newsite\\\/#organization\",\"name\":\"Apaiser S&C\",\"alternateName\":\"Association pour aider, informer, soutenir les \u00e9tudes et la recherche pour la syingomy\u00e9lie et le Chiari\",\"url\":\"https:\\\/\\\/apaiser.org\\\/newsite\\\/\",\"logo\":{\"@type\":\"ImageObject\",\"inLanguage\":\"fr-FR\",\"@id\":\"https:\\\/\\\/apaiser.org\\\/newsite\\\/#\\\/schema\\\/logo\\\/image\\\/\",\"url\":\"https:\\\/\\\/apaiser.org\\\/newsite\\\/wp-content\\\/uploads\\\/2024\\\/06\\\/logo.png\",\"contentUrl\":\"https:\\\/\\\/apaiser.org\\\/newsite\\\/wp-content\\\/uploads\\\/2024\\\/06\\\/logo.png\",\"width\":173,\"height\":136,\"caption\":\"Apaiser S&C\"},\"image\":{\"@id\":\"https:\\\/\\\/apaiser.org\\\/newsite\\\/#\\\/schema\\\/logo\\\/image\\\/\"},\"sameAs\":[\"https:\\\/\\\/www.facebook.com\\\/AssociationApaiser\\\/\",\"https:\\\/\\\/www.instagram.com\\\/apaisersc\\\/\",\"https:\\\/\\\/www.youtube.com\\\/@apaiser7806\"]}]}<\/script>\n<!-- \/ Yoast SEO plugin. -->","yoast_head_json":{"title":"J'adh\u00e8re - Apaiser S&amp;C","description":"Adh\u00e9rer \u00e0 Apaiser S&C Association de patients atteints de la malformation de Chiari et la syringomy\u00e9lie","robots":{"index":"index","follow":"follow","max-snippet":"max-snippet:-1","max-image-preview":"max-image-preview:large","max-video-preview":"max-video-preview:-1"},"canonical":"https:\/\/apaiser.org\/newsite\/jadhere\/","og_locale":"fr_FR","og_type":"article","og_title":"J'adh\u00e8re - Apaiser S&amp;C","og_description":"Adh\u00e9rer \u00e0 Apaiser S&C Association de patients atteints de la malformation de Chiari et la syringomy\u00e9lie","og_url":"https:\/\/apaiser.org\/newsite\/jadhere\/","og_site_name":"Apaiser S&amp;C","article_publisher":"https:\/\/www.facebook.com\/AssociationApaiser\/","article_modified_time":"2026-04-07T08:49:45+00:00","og_image":[{"url":"http:\/\/apaiser.org\/newsite\/wp-content\/uploads\/2024\/06\/barre-couleurs.png","type":"","width":"","height":""}],"twitter_card":"summary_large_image","twitter_misc":{"Dur\u00e9e de lecture estim\u00e9e":"1 minute"},"schema":{"@context":"https:\/\/schema.org","@graph":[{"@type":"WebPage","@id":"https:\/\/apaiser.org\/newsite\/jadhere\/","url":"https:\/\/apaiser.org\/newsite\/jadhere\/","name":"J'adh\u00e8re - Apaiser S&amp;C","isPartOf":{"@id":"https:\/\/apaiser.org\/newsite\/#website"},"primaryImageOfPage":{"@id":"https:\/\/apaiser.org\/newsite\/jadhere\/#primaryimage"},"image":{"@id":"https:\/\/apaiser.org\/newsite\/jadhere\/#primaryimage"},"thumbnailUrl":"http:\/\/apaiser.org\/newsite\/wp-content\/uploads\/2024\/06\/barre-couleurs.png","datePublished":"2025-02-25T15:19:22+00:00","dateModified":"2026-04-07T08:49:45+00:00","description":"Adh\u00e9rer \u00e0 Apaiser S&C Association de patients atteints de la malformation de Chiari et la syringomy\u00e9lie","breadcrumb":{"@id":"https:\/\/apaiser.org\/newsite\/jadhere\/#breadcrumb"},"inLanguage":"fr-FR","potentialAction":[{"@type":"ReadAction","target":["https:\/\/apaiser.org\/newsite\/jadhere\/"]}]},{"@type":"ImageObject","inLanguage":"fr-FR","@id":"https:\/\/apaiser.org\/newsite\/jadhere\/#primaryimage","url":"http:\/\/apaiser.org\/newsite\/wp-content\/uploads\/2024\/06\/barre-couleurs.png","contentUrl":"http:\/\/apaiser.org\/newsite\/wp-content\/uploads\/2024\/06\/barre-couleurs.png"},{"@type":"BreadcrumbList","@id":"https:\/\/apaiser.org\/newsite\/jadhere\/#breadcrumb","itemListElement":[{"@type":"ListItem","position":1,"name":"Accueil","item":"https:\/\/apaiser.org\/newsite\/"},{"@type":"ListItem","position":2,"name":"J&rsquo;adh\u00e8re"}]},{"@type":"WebSite","@id":"https:\/\/apaiser.org\/newsite\/#website","url":"https:\/\/apaiser.org\/newsite\/","name":"Apaiser S&C","description":"Associaton pour Aider, Informer, Soutenir les Etudes et la Recherche pour la syingomy\u00e9lie et le Chiari","publisher":{"@id":"https:\/\/apaiser.org\/newsite\/#organization"},"alternateName":"Association pour aide, informer, soutenir les \u00e9tudes et la recherche pou la syringomy\u00e9lie et le chiari","potentialAction":[{"@type":"SearchAction","target":{"@type":"EntryPoint","urlTemplate":"https:\/\/apaiser.org\/newsite\/?s={search_term_string}"},"query-input":{"@type":"PropertyValueSpecification","valueRequired":true,"valueName":"search_term_string"}}],"inLanguage":"fr-FR"},{"@type":"Organization","@id":"https:\/\/apaiser.org\/newsite\/#organization","name":"Apaiser S&C","alternateName":"Association pour aider, informer, soutenir les \u00e9tudes et la recherche pour la syingomy\u00e9lie et le Chiari","url":"https:\/\/apaiser.org\/newsite\/","logo":{"@type":"ImageObject","inLanguage":"fr-FR","@id":"https:\/\/apaiser.org\/newsite\/#\/schema\/logo\/image\/","url":"https:\/\/apaiser.org\/newsite\/wp-content\/uploads\/2024\/06\/logo.png","contentUrl":"https:\/\/apaiser.org\/newsite\/wp-content\/uploads\/2024\/06\/logo.png","width":173,"height":136,"caption":"Apaiser S&C"},"image":{"@id":"https:\/\/apaiser.org\/newsite\/#\/schema\/logo\/image\/"},"sameAs":["https:\/\/www.facebook.com\/AssociationApaiser\/","https:\/\/www.instagram.com\/apaisersc\/","https:\/\/www.youtube.com\/@apaiser7806"]}]}},"rttpg_featured_image_url":null,"rttpg_author":{"display_name":"fpiriou","author_link":"https:\/\/apaiser.org\/newsite\/author\/fpiriou\/"},"rttpg_comment":0,"rttpg_category":null,"rttpg_excerpt":"Soutenir Accueil \/ Soutenir \/J&rsquo;adh\u00e8re J&#8217;adh\u00e8re Adh\u00e9rer \u00e0 APAISER S&amp;C, c\u2019est donner plus de poids \u00e0 nos causes et \u00e0 nos voix, et devenir membre de la premi\u00e8re et seule [&hellip;]","_links":{"self":[{"href":"https:\/\/apaiser.org\/newsite\/wp-json\/wp\/v2\/pages\/7481","targetHints":{"allow":["GET"]}}],"collection":[{"href":"https:\/\/apaiser.org\/newsite\/wp-json\/wp\/v2\/pages"}],"about":[{"href":"https:\/\/apaiser.org\/newsite\/wp-json\/wp\/v2\/types\/page"}],"author":[{"embeddable":true,"href":"https:\/\/apaiser.org\/newsite\/wp-json\/wp\/v2\/users\/1"}],"replies":[{"embeddable":true,"href":"https:\/\/apaiser.org\/newsite\/wp-json\/wp\/v2\/comments?post=7481"}],"version-history":[{"count":37,"href":"https:\/\/apaiser.org\/newsite\/wp-json\/wp\/v2\/pages\/7481\/revisions"}],"predecessor-version":[{"id":8850,"href":"https:\/\/apaiser.org\/newsite\/wp-json\/wp\/v2\/pages\/7481\/revisions\/8850"}],"wp:attachment":[{"href":"https:\/\/apaiser.org\/newsite\/wp-json\/wp\/v2\/media?parent=7481"}],"curies":[{"name":"wp","href":"https:\/\/api.w.org\/{rel}","templated":true}]}}