{"id":8394,"date":"2025-04-15T14:03:34","date_gmt":"2025-04-15T12:03:34","guid":{"rendered":"https:\/\/apaiser.org\/newsite\/?page_id=8394"},"modified":"2026-02-03T18:04:41","modified_gmt":"2026-02-03T17:04:41","slug":"se-soigner-en-regions","status":"publish","type":"page","link":"https:\/\/apaiser.org\/newsite\/se-soigner-en-regions\/","title":{"rendered":"Se soigner en r\u00e9gions"},"content":{"rendered":"\t\t<div data-elementor-type=\"wp-page\" data-elementor-id=\"8394\" class=\"elementor elementor-8394\" data-elementor-post-type=\"page\">\n\t\t\t\t<div class=\"elementor-element elementor-element-8d2de57 e-flex e-con-boxed e-con e-parent\" data-id=\"8d2de57\" data-element_type=\"container\" data-e-type=\"container\" data-settings=\"{&quot;background_background&quot;:&quot;classic&quot;}\">\n\t\t\t\t\t<div class=\"e-con-inner\">\n\t\t<div class=\"elementor-element elementor-element-6bc5f571 e-con-full e-flex e-con e-child\" data-id=\"6bc5f571\" data-element_type=\"container\" data-e-type=\"container\">\n\t\t\t\t<div class=\"elementor-element elementor-element-5cbcff0e elementor-widget elementor-widget-heading\" data-id=\"5cbcff0e\" data-element_type=\"widget\" data-e-type=\"widget\" data-widget_type=\"heading.default\">\n\t\t\t\t\t<h2 class=\"elementor-heading-title elementor-size-default\">Vivre avec<\/h2>\t\t\t\t<\/div>\n\t\t\t\t<div class=\"elementor-element elementor-element-45f9b355 elementor-widget elementor-widget-spacer\" data-id=\"45f9b355\" data-element_type=\"widget\" data-e-type=\"widget\" data-widget_type=\"spacer.default\">\n\t\t\t\t\t\t\t<div class=\"elementor-spacer\">\n\t\t\t<div class=\"elementor-spacer-inner\"><\/div>\n\t\t<\/div>\n\t\t\t\t\t\t<\/div>\n\t\t\t\t<\/div>\n\t\t<div class=\"elementor-element elementor-element-30650857 e-con-full e-flex e-con e-child\" data-id=\"30650857\" data-element_type=\"container\" data-e-type=\"container\">\n\t\t\t\t<div class=\"elementor-element elementor-element-64b83608 elementor-widget elementor-widget-text-editor\" data-id=\"64b83608\" data-element_type=\"widget\" data-e-type=\"widget\" data-widget_type=\"text-editor.default\">\n\t\t\t\t\t\t\t\t\t<p style=\"text-align: right;\"><span style=\"color: #ffffff;\"><a style=\"color: #ffffff;\" href=\"https:\/\/apaiser.org\/newsite\/\">Accueil<\/a> \/ Vivre avec \/ <a style=\"color: #ffffff;\" href=\"https:\/\/apaiser.org\/newsite\/se-soigner-en-regions\/\">Se soigner en r\u00e9gions<\/a><\/span><\/p>\t\t\t\t\t\t\t\t<\/div>\n\t\t\t\t<\/div>\n\t\t\t\t\t<\/div>\n\t\t\t\t<\/div>\n\t\t<div class=\"elementor-element elementor-element-7b3a74d8 e-flex e-con-boxed e-con e-parent\" data-id=\"7b3a74d8\" data-element_type=\"container\" data-e-type=\"container\">\n\t\t\t\t\t<div class=\"e-con-inner\">\n\t\t\t\t<div class=\"elementor-element elementor-element-cd33b6c elementor-widget elementor-widget-image\" data-id=\"cd33b6c\" data-element_type=\"widget\" data-e-type=\"widget\" data-widget_type=\"image.default\">\n\t\t\t\t\t\t\t\t\t\t\t\t\t\t\t<img decoding=\"async\" width=\"751\" height=\"37\" src=\"https:\/\/apaiser.org\/newsite\/wp-content\/uploads\/2024\/06\/barre-couleurs.png\" class=\"attachment-large size-large wp-image-4356\" alt=\"\" srcset=\"https:\/\/apaiser.org\/newsite\/wp-content\/uploads\/2024\/06\/barre-couleurs.png 751w, https:\/\/apaiser.org\/newsite\/wp-content\/uploads\/2024\/06\/barre-couleurs-300x15.png 300w\" sizes=\"(max-width: 751px) 100vw, 751px\" \/>\t\t\t\t\t\t\t\t\t\t\t\t\t\t\t<\/div>\n\t\t\t\t\t<\/div>\n\t\t\t\t<\/div>\n\t\t<div class=\"elementor-element elementor-element-7acbde1b e-flex e-con-boxed e-con e-parent\" data-id=\"7acbde1b\" data-element_type=\"container\" data-e-type=\"container\">\n\t\t\t\t\t<div class=\"e-con-inner\">\n\t\t\t\t<div class=\"elementor-element elementor-element-4af99342 elementor-widget elementor-widget-page-title\" data-id=\"4af99342\" data-element_type=\"widget\" data-e-type=\"widget\" data-widget_type=\"page-title.default\">\n\t\t\t\t<div class=\"elementor-widget-container\">\n\t\t\t\t\t\t\t\n\t\t<div class=\"hfe-page-title hfe-page-title-wrapper elementor-widget-heading\">\n\n\t\t\t\t\t\t\t\t<h1 class=\"elementor-heading-title elementor-size-default\">\n\t\t\t\t\t\t\t\t\n\t\t\t\tSe soigner en r\u00e9gions  \n\t\t\t<\/h1 > \n\t\t\t\t\t<\/div>\n\t\t\t\t\t\t<\/div>\n\t\t\t\t<\/div>\n\t\t\t\t\t<\/div>\n\t\t\t\t<\/div>\n\t\t<div class=\"elementor-element elementor-element-76a288f e-flex e-con-boxed e-con e-parent\" data-id=\"76a288f\" data-element_type=\"container\" data-e-type=\"container\" data-settings=\"{&quot;background_background&quot;:&quot;classic&quot;}\">\n\t\t\t\t\t<div class=\"e-con-inner\">\n\t\t<div class=\"elementor-element elementor-element-11a0c23 e-con-full e-flex e-con e-child\" data-id=\"11a0c23\" data-element_type=\"container\" data-e-type=\"container\">\n\t\t\t\t<div class=\"elementor-element elementor-element-374b7aa elementor-widget__width-initial elementor-widget elementor-widget-igmap\" data-id=\"374b7aa\" data-element_type=\"widget\" data-e-type=\"widget\" data-widget_type=\"igmap.default\">\n\t\t\t\t<div class=\"elementor-widget-container\">\n\t\t\t\t\t<div class=\"igmap-elementor-widget\"><div class=\"map_wrapper\" id=\"map_wrapper_11\">\n<div class=\"map_box\" style=\"max-width:2000px\">\n<div class=\"map_aspect_ratio\" style=\"padding-top:56%\" data-padding-top=\"56%\" data-padding-top-mobile=\"56%\">\n<div class=\"map_container\">\n<div class=\"map_render map_loading\" id=\"map_11\"><\/div>\n<\/div>\n<\/div>\n<\/div>\n<\/div><\/div>\t\t\t\t<\/div>\n\t\t\t\t<\/div>\n\t\t\t\t<\/div>\n\t\t<div class=\"elementor-element elementor-element-732b6aa e-con-full e-flex e-con e-child\" data-id=\"732b6aa\" data-element_type=\"container\" data-e-type=\"container\">\n\t\t<div class=\"elementor-element elementor-element-b1fede9 e-con-full e-flex e-con e-child\" data-id=\"b1fede9\" data-element_type=\"container\" data-e-type=\"container\">\n\t\t\t\t<div class=\"elementor-element elementor-element-0991be6 elementor-widget elementor-widget-heading\" data-id=\"0991be6\" data-element_type=\"widget\" data-e-type=\"widget\" data-widget_type=\"heading.default\">\n\t\t\t\t\t<p class=\"elementor-heading-title elementor-size-default\">Recherchez les coordonn\u00e9es des professionnels de sant\u00e9 et des contacts d'Apaiser S&amp;C au plus pr\u00e8s de chez vous.<\/p>\t\t\t\t<\/div>\n\t\t\t\t<\/div>\n\t\t\t\t<\/div>\n\t\t\t\t\t<\/div>\n\t\t\t\t<\/div>\n\t\t<div class=\"elementor-element elementor-element-3c477484 e-flex e-con-boxed e-con e-parent\" data-id=\"3c477484\" data-element_type=\"container\" data-e-type=\"container\">\n\t\t\t\t\t<div class=\"e-con-inner\">\n\t\t\t\t<div class=\"elementor-element elementor-element-158dcc08 elementor-widget elementor-widget-spacer\" data-id=\"158dcc08\" data-element_type=\"widget\" data-e-type=\"widget\" data-widget_type=\"spacer.default\">\n\t\t\t\t\t\t\t<div class=\"elementor-spacer\">\n\t\t\t<div class=\"elementor-spacer-inner\"><\/div>\n\t\t<\/div>\n\t\t\t\t\t\t<\/div>\n\t\t\t\t\t<\/div>\n\t\t\t\t<\/div>\n\t\t\t\t<\/div>\n\t\t","protected":false},"excerpt":{"rendered":"<p>Vivre avec Accueil \/ Vivre avec \/ Se soigner en r\u00e9gions Se soigner en r\u00e9gions Preview Only Recherchez les coordonn\u00e9es des professionnels de sant\u00e9 et des contacts d&rsquo;Apaiser S&amp;C au [&hellip;]<\/p>\n","protected":false},"author":1,"featured_media":0,"parent":0,"menu_order":0,"comment_status":"closed","ping_status":"closed","template":"elementor_header_footer","meta":{"inline_featured_image":false,"footnotes":""},"class_list":["post-8394","page","type-page","status-publish","hentry"],"yoast_head":"<!-- This site is optimized with the Yoast SEO plugin v27.4 - https:\/\/yoast.com\/product\/yoast-seo-wordpress\/ -->\n<title>Se soigner en r\u00e9gions - Apaiser S&amp;C<\/title>\n<meta name=\"robots\" content=\"index, follow, max-snippet:-1, max-image-preview:large, max-video-preview:-1\" \/>\n<link rel=\"canonical\" href=\"https:\/\/apaiser.org\/newsite\/se-soigner-en-regions\/\" \/>\n<meta property=\"og:locale\" content=\"fr_FR\" \/>\n<meta property=\"og:type\" content=\"article\" \/>\n<meta property=\"og:title\" content=\"Se soigner en r\u00e9gions - Apaiser S&amp;C\" \/>\n<meta property=\"og:description\" content=\"Vivre avec Accueil \/ Vivre avec \/ Se soigner en r\u00e9gions Se soigner en r\u00e9gions Preview Only Recherchez les coordonn\u00e9es des professionnels de sant\u00e9 et des contacts d&rsquo;Apaiser S&amp;C au [&hellip;]\" \/>\n<meta property=\"og:url\" content=\"https:\/\/apaiser.org\/newsite\/se-soigner-en-regions\/\" \/>\n<meta property=\"og:site_name\" content=\"Apaiser S&amp;C\" \/>\n<meta property=\"article:publisher\" content=\"https:\/\/www.facebook.com\/AssociationApaiser\/\" \/>\n<meta property=\"article:modified_time\" content=\"2026-02-03T17:04:41+00:00\" \/>\n<meta property=\"og:image\" content=\"http:\/\/apaiser.org\/newsite\/wp-content\/uploads\/2024\/06\/barre-couleurs.png\" \/>\n<meta name=\"twitter:card\" content=\"summary_large_image\" \/>\n<meta name=\"twitter:label1\" content=\"Dur\u00e9e de lecture estim\u00e9e\" \/>\n\t<meta name=\"twitter:data1\" content=\"1 minute\" \/>\n<script type=\"application\/ld+json\" class=\"yoast-schema-graph\">{\"@context\":\"https:\\\/\\\/schema.org\",\"@graph\":[{\"@type\":\"WebPage\",\"@id\":\"https:\\\/\\\/apaiser.org\\\/newsite\\\/se-soigner-en-regions\\\/\",\"url\":\"https:\\\/\\\/apaiser.org\\\/newsite\\\/se-soigner-en-regions\\\/\",\"name\":\"Se soigner en r\u00e9gions - Apaiser S&amp;C\",\"isPartOf\":{\"@id\":\"https:\\\/\\\/apaiser.org\\\/newsite\\\/#website\"},\"primaryImageOfPage\":{\"@id\":\"https:\\\/\\\/apaiser.org\\\/newsite\\\/se-soigner-en-regions\\\/#primaryimage\"},\"image\":{\"@id\":\"https:\\\/\\\/apaiser.org\\\/newsite\\\/se-soigner-en-regions\\\/#primaryimage\"},\"thumbnailUrl\":\"http:\\\/\\\/apaiser.org\\\/newsite\\\/wp-content\\\/uploads\\\/2024\\\/06\\\/barre-couleurs.png\",\"datePublished\":\"2025-04-15T12:03:34+00:00\",\"dateModified\":\"2026-02-03T17:04:41+00:00\",\"breadcrumb\":{\"@id\":\"https:\\\/\\\/apaiser.org\\\/newsite\\\/se-soigner-en-regions\\\/#breadcrumb\"},\"inLanguage\":\"fr-FR\",\"potentialAction\":[{\"@type\":\"ReadAction\",\"target\":[\"https:\\\/\\\/apaiser.org\\\/newsite\\\/se-soigner-en-regions\\\/\"]}]},{\"@type\":\"ImageObject\",\"inLanguage\":\"fr-FR\",\"@id\":\"https:\\\/\\\/apaiser.org\\\/newsite\\\/se-soigner-en-regions\\\/#primaryimage\",\"url\":\"http:\\\/\\\/apaiser.org\\\/newsite\\\/wp-content\\\/uploads\\\/2024\\\/06\\\/barre-couleurs.png\",\"contentUrl\":\"http:\\\/\\\/apaiser.org\\\/newsite\\\/wp-content\\\/uploads\\\/2024\\\/06\\\/barre-couleurs.png\"},{\"@type\":\"BreadcrumbList\",\"@id\":\"https:\\\/\\\/apaiser.org\\\/newsite\\\/se-soigner-en-regions\\\/#breadcrumb\",\"itemListElement\":[{\"@type\":\"ListItem\",\"position\":1,\"name\":\"Accueil\",\"item\":\"https:\\\/\\\/apaiser.org\\\/newsite\\\/\"},{\"@type\":\"ListItem\",\"position\":2,\"name\":\"Se soigner en r\u00e9gions\"}]},{\"@type\":\"WebSite\",\"@id\":\"https:\\\/\\\/apaiser.org\\\/newsite\\\/#website\",\"url\":\"https:\\\/\\\/apaiser.org\\\/newsite\\\/\",\"name\":\"Apaiser S&C\",\"description\":\"Associaton pour Aider, Informer, Soutenir les Etudes et la Recherche pour la syingomy\u00e9lie et le Chiari\",\"publisher\":{\"@id\":\"https:\\\/\\\/apaiser.org\\\/newsite\\\/#organization\"},\"alternateName\":\"Association pour aide, informer, soutenir les \u00e9tudes et la recherche pou la syringomy\u00e9lie et le chiari\",\"potentialAction\":[{\"@type\":\"SearchAction\",\"target\":{\"@type\":\"EntryPoint\",\"urlTemplate\":\"https:\\\/\\\/apaiser.org\\\/newsite\\\/?s={search_term_string}\"},\"query-input\":{\"@type\":\"PropertyValueSpecification\",\"valueRequired\":true,\"valueName\":\"search_term_string\"}}],\"inLanguage\":\"fr-FR\"},{\"@type\":\"Organization\",\"@id\":\"https:\\\/\\\/apaiser.org\\\/newsite\\\/#organization\",\"name\":\"Apaiser S&C\",\"alternateName\":\"Association pour aider, informer, soutenir les \u00e9tudes et la recherche pour la syingomy\u00e9lie et le Chiari\",\"url\":\"https:\\\/\\\/apaiser.org\\\/newsite\\\/\",\"logo\":{\"@type\":\"ImageObject\",\"inLanguage\":\"fr-FR\",\"@id\":\"https:\\\/\\\/apaiser.org\\\/newsite\\\/#\\\/schema\\\/logo\\\/image\\\/\",\"url\":\"https:\\\/\\\/apaiser.org\\\/newsite\\\/wp-content\\\/uploads\\\/2024\\\/06\\\/logo.png\",\"contentUrl\":\"https:\\\/\\\/apaiser.org\\\/newsite\\\/wp-content\\\/uploads\\\/2024\\\/06\\\/logo.png\",\"width\":173,\"height\":136,\"caption\":\"Apaiser S&C\"},\"image\":{\"@id\":\"https:\\\/\\\/apaiser.org\\\/newsite\\\/#\\\/schema\\\/logo\\\/image\\\/\"},\"sameAs\":[\"https:\\\/\\\/www.facebook.com\\\/AssociationApaiser\\\/\",\"https:\\\/\\\/www.instagram.com\\\/apaisersc\\\/\",\"https:\\\/\\\/www.youtube.com\\\/@apaiser7806\"]}]}<\/script>\n<!-- \/ Yoast SEO plugin. -->","yoast_head_json":{"title":"Se soigner en r\u00e9gions - Apaiser S&amp;C","robots":{"index":"index","follow":"follow","max-snippet":"max-snippet:-1","max-image-preview":"max-image-preview:large","max-video-preview":"max-video-preview:-1"},"canonical":"https:\/\/apaiser.org\/newsite\/se-soigner-en-regions\/","og_locale":"fr_FR","og_type":"article","og_title":"Se soigner en r\u00e9gions - Apaiser S&amp;C","og_description":"Vivre avec Accueil \/ Vivre avec \/ Se soigner en r\u00e9gions Se soigner en r\u00e9gions Preview Only Recherchez les coordonn\u00e9es des professionnels de sant\u00e9 et des contacts d&rsquo;Apaiser S&amp;C au [&hellip;]","og_url":"https:\/\/apaiser.org\/newsite\/se-soigner-en-regions\/","og_site_name":"Apaiser S&amp;C","article_publisher":"https:\/\/www.facebook.com\/AssociationApaiser\/","article_modified_time":"2026-02-03T17:04:41+00:00","og_image":[{"url":"http:\/\/apaiser.org\/newsite\/wp-content\/uploads\/2024\/06\/barre-couleurs.png","type":"","width":"","height":""}],"twitter_card":"summary_large_image","twitter_misc":{"Dur\u00e9e de lecture estim\u00e9e":"1 minute"},"schema":{"@context":"https:\/\/schema.org","@graph":[{"@type":"WebPage","@id":"https:\/\/apaiser.org\/newsite\/se-soigner-en-regions\/","url":"https:\/\/apaiser.org\/newsite\/se-soigner-en-regions\/","name":"Se soigner en r\u00e9gions - Apaiser S&amp;C","isPartOf":{"@id":"https:\/\/apaiser.org\/newsite\/#website"},"primaryImageOfPage":{"@id":"https:\/\/apaiser.org\/newsite\/se-soigner-en-regions\/#primaryimage"},"image":{"@id":"https:\/\/apaiser.org\/newsite\/se-soigner-en-regions\/#primaryimage"},"thumbnailUrl":"http:\/\/apaiser.org\/newsite\/wp-content\/uploads\/2024\/06\/barre-couleurs.png","datePublished":"2025-04-15T12:03:34+00:00","dateModified":"2026-02-03T17:04:41+00:00","breadcrumb":{"@id":"https:\/\/apaiser.org\/newsite\/se-soigner-en-regions\/#breadcrumb"},"inLanguage":"fr-FR","potentialAction":[{"@type":"ReadAction","target":["https:\/\/apaiser.org\/newsite\/se-soigner-en-regions\/"]}]},{"@type":"ImageObject","inLanguage":"fr-FR","@id":"https:\/\/apaiser.org\/newsite\/se-soigner-en-regions\/#primaryimage","url":"http:\/\/apaiser.org\/newsite\/wp-content\/uploads\/2024\/06\/barre-couleurs.png","contentUrl":"http:\/\/apaiser.org\/newsite\/wp-content\/uploads\/2024\/06\/barre-couleurs.png"},{"@type":"BreadcrumbList","@id":"https:\/\/apaiser.org\/newsite\/se-soigner-en-regions\/#breadcrumb","itemListElement":[{"@type":"ListItem","position":1,"name":"Accueil","item":"https:\/\/apaiser.org\/newsite\/"},{"@type":"ListItem","position":2,"name":"Se soigner en r\u00e9gions"}]},{"@type":"WebSite","@id":"https:\/\/apaiser.org\/newsite\/#website","url":"https:\/\/apaiser.org\/newsite\/","name":"Apaiser S&C","description":"Associaton pour Aider, Informer, Soutenir les Etudes et la Recherche pour la syingomy\u00e9lie et le Chiari","publisher":{"@id":"https:\/\/apaiser.org\/newsite\/#organization"},"alternateName":"Association pour aide, informer, soutenir les \u00e9tudes et la recherche pou la syringomy\u00e9lie et le chiari","potentialAction":[{"@type":"SearchAction","target":{"@type":"EntryPoint","urlTemplate":"https:\/\/apaiser.org\/newsite\/?s={search_term_string}"},"query-input":{"@type":"PropertyValueSpecification","valueRequired":true,"valueName":"search_term_string"}}],"inLanguage":"fr-FR"},{"@type":"Organization","@id":"https:\/\/apaiser.org\/newsite\/#organization","name":"Apaiser S&C","alternateName":"Association pour aider, informer, soutenir les \u00e9tudes et la recherche pour la syingomy\u00e9lie et le Chiari","url":"https:\/\/apaiser.org\/newsite\/","logo":{"@type":"ImageObject","inLanguage":"fr-FR","@id":"https:\/\/apaiser.org\/newsite\/#\/schema\/logo\/image\/","url":"https:\/\/apaiser.org\/newsite\/wp-content\/uploads\/2024\/06\/logo.png","contentUrl":"https:\/\/apaiser.org\/newsite\/wp-content\/uploads\/2024\/06\/logo.png","width":173,"height":136,"caption":"Apaiser S&C"},"image":{"@id":"https:\/\/apaiser.org\/newsite\/#\/schema\/logo\/image\/"},"sameAs":["https:\/\/www.facebook.com\/AssociationApaiser\/","https:\/\/www.instagram.com\/apaisersc\/","https:\/\/www.youtube.com\/@apaiser7806"]}]}},"rttpg_featured_image_url":null,"rttpg_author":{"display_name":"fpiriou","author_link":"https:\/\/apaiser.org\/newsite\/author\/fpiriou\/"},"rttpg_comment":0,"rttpg_category":null,"rttpg_excerpt":"Vivre avec Accueil \/ Vivre avec \/ Se soigner en r\u00e9gions Se soigner en r\u00e9gions Preview Only Recherchez les coordonn\u00e9es des professionnels de sant\u00e9 et des contacts d&rsquo;Apaiser S&amp;C au [&hellip;]","_links":{"self":[{"href":"https:\/\/apaiser.org\/newsite\/wp-json\/wp\/v2\/pages\/8394","targetHints":{"allow":["GET"]}}],"collection":[{"href":"https:\/\/apaiser.org\/newsite\/wp-json\/wp\/v2\/pages"}],"about":[{"href":"https:\/\/apaiser.org\/newsite\/wp-json\/wp\/v2\/types\/page"}],"author":[{"embeddable":true,"href":"https:\/\/apaiser.org\/newsite\/wp-json\/wp\/v2\/users\/1"}],"replies":[{"embeddable":true,"href":"https:\/\/apaiser.org\/newsite\/wp-json\/wp\/v2\/comments?post=8394"}],"version-history":[{"count":10,"href":"https:\/\/apaiser.org\/newsite\/wp-json\/wp\/v2\/pages\/8394\/revisions"}],"predecessor-version":[{"id":8766,"href":"https:\/\/apaiser.org\/newsite\/wp-json\/wp\/v2\/pages\/8394\/revisions\/8766"}],"wp:attachment":[{"href":"https:\/\/apaiser.org\/newsite\/wp-json\/wp\/v2\/media?parent=8394"}],"curies":[{"name":"wp","href":"https:\/\/api.w.org\/{rel}","templated":true}]}}